{"id":39,"date":"2016-04-29T17:26:40","date_gmt":"2016-04-29T17:26:40","guid":{"rendered":"http:\/\/der-dorfacker.de\/?page_id=39"},"modified":"2016-07-02T13:12:14","modified_gmt":"2016-07-02T13:12:14","slug":"bieterrunde","status":"publish","type":"page","link":"https:\/\/www.der-dorfacker.de\/?page_id=39","title":{"rendered":"Bieterrunde"},"content":{"rendered":"<p>Einmal im Jahr \u2013 Anfang Dezember &#8211;\u00a0 findet unsere Jahreshauptversammlung statt. Auf der Agenda stehen neben der Vorstandswahl, die Auswahl der anzubauenden Gem\u00fcsesorten und die Bieterrunde.<\/p>\n<p>Der Vorstand pr\u00e4sentiert einen Anbauplan und schl\u00e4gt den monatlichen Mindestbeitrag vor. Die Mitglieder legen in einer Bieterrunde ihren jeweiligen Mitgliedsbeitrag f\u00fcr das kommende Jahr fest. Hierbei orientieren sie sich am Vorschlag des Vorstandes und bestimmen, wie hoch ihr eigener Monatsbeitrag sein wird. Mitglieder, die finanziell besser gestellt sind, als andere k\u00f6nnen freiwillig einen h\u00f6heren Betrag bezahlen, um schlechter gestellte Mitglieder zu unterst\u00fctzen.<\/p>\n<p>Die Bieterrunde endet, sobald das ben\u00f6tigte Budget erreicht wird.<\/p>\n","protected":false},"excerpt":{"rendered":"<p>Einmal im Jahr \u2013 Anfang Dezember &#8211;\u00a0 findet unsere Jahreshauptversammlung statt. Auf der Agenda stehen neben der Vorstandswahl, die Auswahl der anzubauenden Gem\u00fcsesorten und die Bieterrunde. Der Vorstand pr\u00e4sentiert einen Anbauplan und schl\u00e4gt den monatlichen Mindestbeitrag vor. Die Mitglieder legen in einer Bieterrunde ihren jeweiligen Mitgliedsbeitrag f\u00fcr das kommende Jahr fest. Hierbei orientieren sie sich &hellip; <\/p>\n<p class=\"read-more\"><a class=\"btn btn-default\" href=\"https:\/\/www.der-dorfacker.de\/?page_id=39\">Weiterlesen<span class=\"screen-reader-text\"> Weiterlesen<\/span><\/a><\/p>\n","protected":false},"author":1,"featured_media":0,"parent":0,"menu_order":0,"comment_status":"closed","ping_status":"closed","template":"","meta":{"footnotes":""},"class_list":["post-39","page","type-page","status-publish","hentry"],"_links":{"self":[{"href":"https:\/\/www.der-dorfacker.de\/index.php?rest_route=\/wp\/v2\/pages\/39","targetHints":{"allow":["GET"]}}],"collection":[{"href":"https:\/\/www.der-dorfacker.de\/index.php?rest_route=\/wp\/v2\/pages"}],"about":[{"href":"https:\/\/www.der-dorfacker.de\/index.php?rest_route=\/wp\/v2\/types\/page"}],"author":[{"embeddable":true,"href":"https:\/\/www.der-dorfacker.de\/index.php?rest_route=\/wp\/v2\/users\/1"}],"replies":[{"embeddable":true,"href":"https:\/\/www.der-dorfacker.de\/index.php?rest_route=%2Fwp%2Fv2%2Fcomments&post=39"}],"version-history":[{"count":2,"href":"https:\/\/www.der-dorfacker.de\/index.php?rest_route=\/wp\/v2\/pages\/39\/revisions"}],"predecessor-version":[{"id":92,"href":"https:\/\/www.der-dorfacker.de\/index.php?rest_route=\/wp\/v2\/pages\/39\/revisions\/92"}],"wp:attachment":[{"href":"https:\/\/www.der-dorfacker.de\/index.php?rest_route=%2Fwp%2Fv2%2Fmedia&parent=39"}],"curies":[{"name":"wp","href":"https:\/\/api.w.org\/{rel}","templated":true}]}}