{"id":29,"date":"2016-04-29T17:24:26","date_gmt":"2016-04-29T17:24:26","guid":{"rendered":"http:\/\/der-dorfacker.de\/?page_id=29"},"modified":"2016-08-30T08:24:17","modified_gmt":"2016-08-30T08:24:17","slug":"ziele","status":"publish","type":"page","link":"https:\/\/www.der-dorfacker.de\/?page_id=29","title":{"rendered":"Unsere Ziele"},"content":{"rendered":"<h1><span style=\"color: #008000;\">Warum Solawi? Ganz einfach!<\/span><\/h1>\n<p>&nbsp;<\/p>\n<p><strong><span style=\"color: #008000;\">\u00bb Erntefrisches Gem\u00fcse ohne Chemie: <\/span><\/strong><span style=\"color: #000000;\">Unsere Mitglieder genie\u00dfen frisches, gesundes Gem\u00fcse der Saison. Das ist nicht nur lecker, sondern leistet auch einen wertvollen Beitrag f\u00fcr nachhaltigen, \u00f6kologischen Anbau. Denn <\/span><span style=\"color: #000000;\">nat\u00fcrlich <\/span><span style=\"color: #000000;\">verzichten <\/span><span style=\"color: #000000;\">wir <\/span><span style=\"color: #000000;\"> auf chemische Spritzmittel.\u00a0<\/span><\/p>\n<p>&nbsp;<\/p>\n<p><strong><span style=\"color: #008000;\">\u00bb Genie\u00dfen ohne lange Transportwege:<\/span>\u00a0 <\/strong>Vom Acker auf den Teller hat es unser Gem\u00fcse nicht weit. Durch kurze Wege und regionalen Anbau entlasten wir die Umwelt.<\/p>\n<p>&nbsp;<\/p>\n<p><strong><span style=\"color: #008000;\">\u00bb Bildung und Erfahrung: <\/span><\/strong><span style=\"color: #000000;\">Nat\u00fcrlich sind auch Kinder bei uns mit von der Partie. Woraus muss man bei S\u00e4en achten? Wie sieht eine Zucchinibl\u00fcte aus? Wie gr\u00e4bt man nach Kartoffeln? Auch Kinderg\u00e4rten statten unserem Acker gerne mal einen Besuch ab. Gemeinsam profitieren wir vom Entdecken und Erleben &#8211; und haben viel Spa\u00df dabei.<\/span><strong><span style=\"color: #008000;\"><br \/>\n<\/span><\/strong><\/p>\n<p>&nbsp;<\/p>\n<p><strong><span style=\"color: #008000;\">\u00bb Geschmacksvielfalt erleben, Artenvielfalt erhalten: <\/span><\/strong><span style=\"color: #000000;\">Wer schon einmal eine M\u00f6hre frisch vom Acker gegessen hat, der kennt das besondere Aroma. Einfach lecker! Durch unseren j\u00e4hrlich wechselnden Anbauplan kommen bei uns auch alte und fast vergessene Gem\u00fcsesorten auf den Teller. Wer kennt noch Stielmus? Und wer hat schonmal die Farbenf\u00fclle von frischem Mangold erlebt? Wir bauen an, was regional und typisch ist. \u00dcbrigens: Auf unserem Acker wachsen nat\u00fcrlich nicht nur Nutzpflanzen. Insekten und Schmetterlinge freuen sich \u00fcber viele Bl\u00fcten.<\/span><\/p>\n<p>&nbsp;<\/p>\n<p><strong><span style=\"color: #008000;\">\u00bb <\/span><\/strong>Ein besonders wichtiges Ziel, die <span style=\"color: #008000;\"><strong>Bildung einer solidarischen Gemeinschaft<\/strong><\/span>, haben wir bereits erreicht. Alt und Jung treffen sich zum regelm\u00e4\u00dfigen Ernten, Quatschen und Feiern auf dem Acker. Wenig \u201eVereinsmeierei\u201c sorgt dabei f\u00fcr viel Freiraum. Jeder bringt sich so ein, wie er mag und kann. Der Dorfacker ist mit seinen offenen Strukturen ein gelebtes St\u00fcck Demokratie.<\/p>\n<p><strong><span style=\"color: #008000;\">Gem\u00e4\u00df dem Spruch \u201eEin Hektar ern\u00e4hrt 100 Menschen\u201c wollen wir in Zukunft auf bis zu 45 Anteile anwachsen.<\/span><\/strong><\/p>\n<p><img loading=\"lazy\" decoding=\"async\" class=\"alignnone size-medium wp-image-140\" src=\"http:\/\/der-dorfacker.de\/wp-content\/uploads\/2016\/04\/Bl\u00fcten-kl-1-800x147.png\" alt=\"Bl\u00fcten kl\" width=\"800\" height=\"147\" srcset=\"https:\/\/www.der-dorfacker.de\/wp-content\/uploads\/2016\/04\/Bl\u00fcten-kl-1-800x147.png 800w, https:\/\/www.der-dorfacker.de\/wp-content\/uploads\/2016\/04\/Bl\u00fcten-kl-1-768x141.png 768w, https:\/\/www.der-dorfacker.de\/wp-content\/uploads\/2016\/04\/Bl\u00fcten-kl-1-1200x220.png 1200w, https:\/\/www.der-dorfacker.de\/wp-content\/uploads\/2016\/04\/Bl\u00fcten-kl-1.png 1288w\" sizes=\"auto, (max-width: 800px) 100vw, 800px\" \/><\/p>\n","protected":false},"excerpt":{"rendered":"<p>Warum Solawi? Ganz einfach! &nbsp; \u00bb Erntefrisches Gem\u00fcse ohne Chemie: Unsere Mitglieder genie\u00dfen frisches, gesundes Gem\u00fcse der Saison. Das ist nicht nur lecker, sondern leistet auch einen wertvollen Beitrag f\u00fcr nachhaltigen, \u00f6kologischen Anbau. Denn nat\u00fcrlich verzichten wir auf chemische Spritzmittel.\u00a0 &nbsp; \u00bb Genie\u00dfen ohne lange Transportwege:\u00a0 Vom Acker auf den Teller hat es unser Gem\u00fcse &hellip; <\/p>\n<p class=\"read-more\"><a class=\"btn btn-default\" href=\"https:\/\/www.der-dorfacker.de\/?page_id=29\">Weiterlesen<span class=\"screen-reader-text\"> Weiterlesen<\/span><\/a><\/p>\n","protected":false},"author":1,"featured_media":116,"parent":0,"menu_order":0,"comment_status":"closed","ping_status":"closed","template":"","meta":{"footnotes":""},"class_list":["post-29","page","type-page","status-publish","has-post-thumbnail","hentry"],"_links":{"self":[{"href":"https:\/\/www.der-dorfacker.de\/index.php?rest_route=\/wp\/v2\/pages\/29","targetHints":{"allow":["GET"]}}],"collection":[{"href":"https:\/\/www.der-dorfacker.de\/index.php?rest_route=\/wp\/v2\/pages"}],"about":[{"href":"https:\/\/www.der-dorfacker.de\/index.php?rest_route=\/wp\/v2\/types\/page"}],"author":[{"embeddable":true,"href":"https:\/\/www.der-dorfacker.de\/index.php?rest_route=\/wp\/v2\/users\/1"}],"replies":[{"embeddable":true,"href":"https:\/\/www.der-dorfacker.de\/index.php?rest_route=%2Fwp%2Fv2%2Fcomments&post=29"}],"version-history":[{"count":7,"href":"https:\/\/www.der-dorfacker.de\/index.php?rest_route=\/wp\/v2\/pages\/29\/revisions"}],"predecessor-version":[{"id":155,"href":"https:\/\/www.der-dorfacker.de\/index.php?rest_route=\/wp\/v2\/pages\/29\/revisions\/155"}],"wp:featuredmedia":[{"embeddable":true,"href":"https:\/\/www.der-dorfacker.de\/index.php?rest_route=\/wp\/v2\/media\/116"}],"wp:attachment":[{"href":"https:\/\/www.der-dorfacker.de\/index.php?rest_route=%2Fwp%2Fv2%2Fmedia&parent=29"}],"curies":[{"name":"wp","href":"https:\/\/api.w.org\/{rel}","templated":true}]}}