{"id":27,"date":"2016-04-29T17:24:11","date_gmt":"2016-04-29T17:24:11","guid":{"rendered":"http:\/\/der-dorfacker.de\/?page_id=27"},"modified":"2026-02-01T14:05:16","modified_gmt":"2026-02-01T14:05:16","slug":"mitgliedsbeitraege","status":"publish","type":"page","link":"https:\/\/www.der-dorfacker.de\/?page_id=27","title":{"rendered":"Mitgliedsbeitr\u00e4ge"},"content":{"rendered":"<h1><span style=\"color: #008000;\">Was kostet ein Anteil?<\/span><\/h1>\n<p>Wie hoch der Mitgliedsbeitrag pro Monat ist, wird jedes Jahr auf der Mitgliederversammlung neu festgelegt. Die H\u00f6he h\u00e4ngt unter anderem von der Anzahl der Anteile und von den voraussichtlichen Kosten ab.<\/p>\n<p>Daf\u00fcr erh\u00e4lt man einen Ernteanteil und darf in der Saison ein bis zwei Mal pro Woche sein Gem\u00fcse abholen.<\/p>\n<h1><span style=\"color: #008000;\">Was bekomme ich daf\u00fcr?<\/span><\/h1>\n<p>Pro Anteil streben wir die Erzeugung von etwa 60 kg Gem\u00fcse und 20 kg Kartoffeln im Jahr an.<\/p>\n<p><img loading=\"lazy\" decoding=\"async\" class=\"alignnone size-full wp-image-126\" src=\"http:\/\/der-dorfacker.de\/wp-content\/uploads\/2016\/02\/IMG_7346kl.jpg\" alt=\"IMG_7346kl\" width=\"389\" height=\"260\" \/><\/p>\n<p>Im Erntejahr 2026 sind beispielsweise folgende Sorten geplant:<\/p>\n<ul>\n<li><span style=\"color: #008000;\">Broccoli\u00a0<\/span><\/li>\n<li><span style=\"color: #008000;\">Buschbohnen\u00a0<\/span><\/li>\n<li><span style=\"color: #008000;\">Eisbergsalat\u00a0<\/span><\/li>\n<li><span style=\"color: #008000;\">Feldsalat\u00a0<\/span><\/li>\n<li><span style=\"color: #008000;\">Freilandgurken\u00a0<\/span><\/li>\n<li><span style=\"color: #008000;\">Gr\u00fcnkohl\u00a0<\/span><\/li>\n<li><span style=\"color: #008000;\">Hokkaidok\u00fcrbis\u00a0<\/span><\/li>\n<li><span style=\"color: #008000;\">Karotten<\/span><\/li>\n<li><span style=\"color: #008000;\">Kartoffeln<\/span><\/li>\n<li><span style=\"color: #008000;\">Kohlrabi\u00a0<\/span><\/li>\n<li><span style=\"color: #008000;\">Kopfsalat<\/span><\/li>\n<li><span style=\"color: #008000;\">Mangold<\/span><\/li>\n<li><span style=\"color: #008000;\">Porree<\/span><\/li>\n<li><span style=\"color: #008000;\">Radieschen\u00a0<\/span><\/li>\n<li><span style=\"color: #008000;\">Rosenkohl\u00a0<\/span><\/li>\n<li><span style=\"color: #008000;\">Rote Beete\u00a0<\/span><\/li>\n<li><span style=\"color: #008000;\">Rotkohl\u00a0<\/span><\/li>\n<li><span style=\"color: #008000;\">Sellerie\u00a0<\/span><\/li>\n<li><span style=\"color: #008000;\">Spinat\u00a0<\/span><\/li>\n<li><span style=\"color: #008000;\">Spitzkohl\u00a0<\/span><\/li>\n<li><span style=\"color: #008000;\">Wei\u00dfkohl\u00a0<\/span><\/li>\n<li><span style=\"color: #008000;\">Wirsingkohl\u00a0<\/span><\/li>\n<li><span style=\"color: #008000;\">Zucchini\u00a0<\/span><\/li>\n<li><span style=\"color: #008000;\">Zuckermais\u00a0<\/span><\/li>\n<li><span style=\"color: #008000;\">Zwiebeln, rot und wei\u00df<\/span><\/li>\n<\/ul>\n","protected":false},"excerpt":{"rendered":"<p>Was kostet ein Anteil? Wie hoch der Mitgliedsbeitrag pro Monat ist, wird jedes Jahr auf der Mitgliederversammlung neu festgelegt. Die H\u00f6he h\u00e4ngt unter anderem von der Anzahl der Anteile und von den voraussichtlichen Kosten ab. Daf\u00fcr erh\u00e4lt man einen Ernteanteil und darf in der Saison ein bis zwei Mal pro Woche sein Gem\u00fcse abholen. Was &hellip; <\/p>\n<p class=\"read-more\"><a class=\"btn btn-default\" href=\"https:\/\/www.der-dorfacker.de\/?page_id=27\">Weiterlesen<span class=\"screen-reader-text\"> Weiterlesen<\/span><\/a><\/p>\n","protected":false},"author":1,"featured_media":0,"parent":0,"menu_order":0,"comment_status":"closed","ping_status":"closed","template":"","meta":{"footnotes":""},"class_list":["post-27","page","type-page","status-publish","hentry"],"_links":{"self":[{"href":"https:\/\/www.der-dorfacker.de\/index.php?rest_route=\/wp\/v2\/pages\/27","targetHints":{"allow":["GET"]}}],"collection":[{"href":"https:\/\/www.der-dorfacker.de\/index.php?rest_route=\/wp\/v2\/pages"}],"about":[{"href":"https:\/\/www.der-dorfacker.de\/index.php?rest_route=\/wp\/v2\/types\/page"}],"author":[{"embeddable":true,"href":"https:\/\/www.der-dorfacker.de\/index.php?rest_route=\/wp\/v2\/users\/1"}],"replies":[{"embeddable":true,"href":"https:\/\/www.der-dorfacker.de\/index.php?rest_route=%2Fwp%2Fv2%2Fcomments&post=27"}],"version-history":[{"count":8,"href":"https:\/\/www.der-dorfacker.de\/index.php?rest_route=\/wp\/v2\/pages\/27\/revisions"}],"predecessor-version":[{"id":1293,"href":"https:\/\/www.der-dorfacker.de\/index.php?rest_route=\/wp\/v2\/pages\/27\/revisions\/1293"}],"wp:attachment":[{"href":"https:\/\/www.der-dorfacker.de\/index.php?rest_route=%2Fwp%2Fv2%2Fmedia&parent=27"}],"curies":[{"name":"wp","href":"https:\/\/api.w.org\/{rel}","templated":true}]}}