{"id":23,"date":"2016-04-29T17:23:30","date_gmt":"2016-04-29T17:23:30","guid":{"rendered":"http:\/\/der-dorfacker.de\/?page_id=23"},"modified":"2026-02-02T10:44:52","modified_gmt":"2026-02-02T10:44:52","slug":"vorstand","status":"publish","type":"page","link":"https:\/\/www.der-dorfacker.de\/?page_id=23","title":{"rendered":"Unser Team"},"content":{"rendered":"<p><span style=\"color: #008000;\"><strong>Unsere Solawi lebt von und durch seine Mitglieder. Jeder bringt sich so ein, wie er kann und mag.<br \/>\n<\/strong> <\/span><\/p>\n<p>&#x2665; Allen voran sorgen unsere &#8222;<span style=\"color: #008000;\"><strong>tapferen G\u00e4rtnerlein&#8220;<\/strong><\/span> mit Engagement, Geschick und gr\u00fcnem Daumen daf\u00fcr, dass unser Gem\u00fcse so gut und kr\u00e4ftig w\u00e4chst. Daf\u00fcr sind wir ihnen sehr dankbar.<\/p>\n<p>Wer kann und mag, darf sie gerne unterst\u00fctzen! Ab und zu sieht man viele Mitglieder auf dem Acker, etwa wenn Kartoffeln gesammelt werden oder wenn mit einer &#8222;Solawi-Kette&#8220; der Melde zu Leibe ger\u00fcckt wird. Nicht alles ist Handarbeit, schwere Ger\u00e4te erleichtern ab und an die Arbeit.<\/p>\n<p>&#x2665; Unser <span style=\"color: #008000;\"><strong>flei\u00dfiger Vorstand<\/strong> <\/span>sorgt daf\u00fcr, dass alles rund l\u00e4uft, die Finanzen stimmen und notwendige Anschaffungen geplant\u00a0 werden.<\/p>\n<p>Wir sind ein eingetragener Verein, unser Vorstand besteht aus vier Mitgliedern:<\/p>\n<p><strong>1. Vorsitzende: Maren Kaschka; 2. Vorsitzender: Konstantin Schmitt; Kassenwart: Thomas Kaschka; Schriftf\u00fchrer: Anke Tautenhahn.<\/strong><\/p>\n<p>&#x2665; Unser Acker bliebe trotzdem leer, wenn es das <span style=\"color: #008000;\"><strong>geschickte Anbauteam <\/strong><\/span>nicht g\u00e4be. Sie sorgen f\u00fcr die Planung und Auswahl unserer Sorten.<\/p>\n<p>&#x2665; Die Infos ins Netz stellen unsere &#8222;Schreibtischt\u00e4ter&#8220;, das <span style=\"color: #008000;\"><strong>Web-Team <\/strong><\/span>Monika R\u00f6ttgen und Eckart Maronde.<\/p>\n","protected":false},"excerpt":{"rendered":"<p>Unsere Solawi lebt von und durch seine Mitglieder. Jeder bringt sich so ein, wie er kann und mag. &#x2665; Allen voran sorgen unsere &#8222;tapferen G\u00e4rtnerlein&#8220; mit Engagement, Geschick und gr\u00fcnem Daumen daf\u00fcr, dass unser Gem\u00fcse so gut und kr\u00e4ftig w\u00e4chst. Daf\u00fcr sind wir ihnen sehr dankbar. Wer kann und mag, darf sie gerne unterst\u00fctzen! Ab &hellip; <\/p>\n<p class=\"read-more\"><a class=\"btn btn-default\" href=\"https:\/\/www.der-dorfacker.de\/?page_id=23\">Weiterlesen<span class=\"screen-reader-text\"> Weiterlesen<\/span><\/a><\/p>\n","protected":false},"author":1,"featured_media":0,"parent":0,"menu_order":0,"comment_status":"closed","ping_status":"closed","template":"","meta":{"footnotes":""},"class_list":["post-23","page","type-page","status-publish","hentry"],"_links":{"self":[{"href":"https:\/\/www.der-dorfacker.de\/index.php?rest_route=\/wp\/v2\/pages\/23","targetHints":{"allow":["GET"]}}],"collection":[{"href":"https:\/\/www.der-dorfacker.de\/index.php?rest_route=\/wp\/v2\/pages"}],"about":[{"href":"https:\/\/www.der-dorfacker.de\/index.php?rest_route=\/wp\/v2\/types\/page"}],"author":[{"embeddable":true,"href":"https:\/\/www.der-dorfacker.de\/index.php?rest_route=\/wp\/v2\/users\/1"}],"replies":[{"embeddable":true,"href":"https:\/\/www.der-dorfacker.de\/index.php?rest_route=%2Fwp%2Fv2%2Fcomments&post=23"}],"version-history":[{"count":14,"href":"https:\/\/www.der-dorfacker.de\/index.php?rest_route=\/wp\/v2\/pages\/23\/revisions"}],"predecessor-version":[{"id":1294,"href":"https:\/\/www.der-dorfacker.de\/index.php?rest_route=\/wp\/v2\/pages\/23\/revisions\/1294"}],"wp:attachment":[{"href":"https:\/\/www.der-dorfacker.de\/index.php?rest_route=%2Fwp%2Fv2%2Fmedia&parent=23"}],"curies":[{"name":"wp","href":"https:\/\/api.w.org\/{rel}","templated":true}]}}