{"id":15,"date":"2016-04-29T17:16:51","date_gmt":"2016-04-29T17:16:51","guid":{"rendered":"http:\/\/der-dorfacker.de\/?page_id=15"},"modified":"2018-09-28T09:11:30","modified_gmt":"2018-09-28T09:11:30","slug":"infos-zur-flaeche","status":"publish","type":"page","link":"https:\/\/www.der-dorfacker.de\/?page_id=15","title":{"rendered":"Infos zum Acker"},"content":{"rendered":"<h1><span style=\"color: #008000;\">Das ist unsere Anbaufl\u00e4che:<\/span><\/h1>\n<p><img loading=\"lazy\" decoding=\"async\" class=\"alignnone size-full wp-image-136\" src=\"http:\/\/der-dorfacker.de\/wp-content\/uploads\/2016\/04\/IMG-20160523-WA0002.jpg\" alt=\"IMG-20160523-WA0002\" width=\"648\" height=\"486\" \/><\/p>\n<p><strong>Insgesamt bestellen unsere G\u00e4rtner etwa <span style=\"color: #008000;\">einen halben Hektar Land<\/span> in Kalletal-Langenholzhausen (ca 5.500 m\u00b2).<\/strong> Gepachtet haben wir die Fl\u00e4che seit dem Jahr 2015, zuvor wurde sie f\u00fcr den Anbau von Futterpflanzen genutzt.<\/p>\n<p>Der lehmig-tonige Boden ist nicht nur fruchtbar, sondern speichert auch recht gut den Regen. Zudem ist der Acker direkt an der Osterkalle gelegen. Gleich im ersten Anbaujahr haben wir dabei wichtige Erfahrungen gesammelt: Im Herbst k\u00f6nnen in der N\u00e4he zur Kalle deutlich tiefere Temperaturen herrschen als auf dem restlichen Acker, besonders in den fr\u00fchen Morgenstunden.<\/p>\n<p>Inzwischen kennen wir unseren Acker besser &#8212; und lernen nat\u00fcrlich mit jedem Anbaujahr viel dazu.<\/p>\n","protected":false},"excerpt":{"rendered":"<p>Das ist unsere Anbaufl\u00e4che: Insgesamt bestellen unsere G\u00e4rtner etwa einen halben Hektar Land in Kalletal-Langenholzhausen (ca 5.500 m\u00b2). Gepachtet haben wir die Fl\u00e4che seit dem Jahr 2015, zuvor wurde sie f\u00fcr den Anbau von Futterpflanzen genutzt. Der lehmig-tonige Boden ist nicht nur fruchtbar, sondern speichert auch recht gut den Regen. Zudem ist der Acker direkt &hellip; <\/p>\n<p class=\"read-more\"><a class=\"btn btn-default\" href=\"https:\/\/www.der-dorfacker.de\/?page_id=15\">Weiterlesen<span class=\"screen-reader-text\"> Weiterlesen<\/span><\/a><\/p>\n","protected":false},"author":1,"featured_media":0,"parent":0,"menu_order":0,"comment_status":"closed","ping_status":"closed","template":"","meta":{"footnotes":""},"class_list":["post-15","page","type-page","status-publish","hentry"],"_links":{"self":[{"href":"https:\/\/www.der-dorfacker.de\/index.php?rest_route=\/wp\/v2\/pages\/15","targetHints":{"allow":["GET"]}}],"collection":[{"href":"https:\/\/www.der-dorfacker.de\/index.php?rest_route=\/wp\/v2\/pages"}],"about":[{"href":"https:\/\/www.der-dorfacker.de\/index.php?rest_route=\/wp\/v2\/types\/page"}],"author":[{"embeddable":true,"href":"https:\/\/www.der-dorfacker.de\/index.php?rest_route=\/wp\/v2\/users\/1"}],"replies":[{"embeddable":true,"href":"https:\/\/www.der-dorfacker.de\/index.php?rest_route=%2Fwp%2Fv2%2Fcomments&post=15"}],"version-history":[{"count":10,"href":"https:\/\/www.der-dorfacker.de\/index.php?rest_route=\/wp\/v2\/pages\/15\/revisions"}],"predecessor-version":[{"id":660,"href":"https:\/\/www.der-dorfacker.de\/index.php?rest_route=\/wp\/v2\/pages\/15\/revisions\/660"}],"wp:attachment":[{"href":"https:\/\/www.der-dorfacker.de\/index.php?rest_route=%2Fwp%2Fv2%2Fmedia&parent=15"}],"curies":[{"name":"wp","href":"https:\/\/api.w.org\/{rel}","templated":true}]}}